{"id":14,"date":"2021-10-21T20:58:55","date_gmt":"2021-10-21T18:58:55","guid":{"rendered":"http:\/\/icimarianne.com\/?page_id=14"},"modified":"2023-10-19T16:48:50","modified_gmt":"2023-10-19T14:48:50","slug":"accueil","status":"publish","type":"page","link":"https:\/\/icimarianne.com\/","title":{"rendered":""},"content":{"rendered":"\t\t<div data-elementor-type=\"wp-page\" data-elementor-id=\"14\" class=\"elementor elementor-14\">\n\t\t\t\t\t\t\t\t\t<section class=\"elementor-section elementor-top-section elementor-element elementor-element-fdb54f4 elementor-section-boxed elementor-section-height-default elementor-section-height-default\" data-id=\"fdb54f4\" data-element_type=\"section\">\n\t\t\t\t\t\t<div class=\"elementor-container elementor-column-gap-default\">\n\t\t\t\t\t<div class=\"elementor-column elementor-col-100 elementor-top-column elementor-element elementor-element-b9da783\" data-id=\"b9da783\" data-element_type=\"column\">\n\t\t\t<div class=\"elementor-widget-wrap elementor-element-populated\">\n\t\t\t\t\t\t\t\t<div class=\"elementor-element elementor-element-45d4120 elementor-widget elementor-widget-image\" data-id=\"45d4120\" data-element_type=\"widget\" data-widget_type=\"image.default\">\n\t\t\t\t<div class=\"elementor-widget-container\">\n\t\t\t<style>\/*! elementor - v3.16.0 - 17-10-2023 *\/\n.elementor-widget-image{text-align:center}.elementor-widget-image a{display:inline-block}.elementor-widget-image a img[src$=\".svg\"]{width:48px}.elementor-widget-image img{vertical-align:middle;display:inline-block}<\/style>\t\t\t\t\t\t\t\t\t\t\t\t<img decoding=\"async\" loading=\"lazy\" width=\"1920\" height=\"1080\" src=\"https:\/\/icimarianne.com\/wp-content\/uploads\/2021\/10\/1972-2022.png\" class=\"attachment-full size-full wp-image-63\" alt=\"\" srcset=\"https:\/\/icimarianne.com\/wp-content\/uploads\/2021\/10\/1972-2022.png 1920w, https:\/\/icimarianne.com\/wp-content\/uploads\/2021\/10\/1972-2022-300x169.png 300w, https:\/\/icimarianne.com\/wp-content\/uploads\/2021\/10\/1972-2022-1024x576.png 1024w, https:\/\/icimarianne.com\/wp-content\/uploads\/2021\/10\/1972-2022-768x432.png 768w, https:\/\/icimarianne.com\/wp-content\/uploads\/2021\/10\/1972-2022-1536x864.png 1536w\" sizes=\"(max-width: 1920px) 100vw, 1920px\" \/>\t\t\t\t\t\t\t\t\t\t\t\t\t\t\t<\/div>\n\t\t\t\t<\/div>\n\t\t\t\t\t<\/div>\n\t\t<\/div>\n\t\t\t\t\t\t\t<\/div>\n\t\t<\/section>\n\t\t\t\t<section class=\"elementor-section elementor-top-section elementor-element elementor-element-eb1a918 elementor-section-boxed elementor-section-height-default elementor-section-height-default\" data-id=\"eb1a918\" data-element_type=\"section\">\n\t\t\t\t\t\t<div class=\"elementor-container elementor-column-gap-default\">\n\t\t\t\t\t<div class=\"elementor-column elementor-col-100 elementor-top-column elementor-element elementor-element-819ee19\" data-id=\"819ee19\" data-element_type=\"column\">\n\t\t\t<div class=\"elementor-widget-wrap elementor-element-populated\">\n\t\t\t\t\t\t\t\t<div class=\"elementor-element elementor-element-ef99585 elementor-widget elementor-widget-text-editor\" data-id=\"ef99585\" data-element_type=\"widget\" data-widget_type=\"text-editor.default\">\n\t\t\t\t<div class=\"elementor-widget-container\">\n\t\t\t<style>\/*! elementor - v3.16.0 - 17-10-2023 *\/\n.elementor-widget-text-editor.elementor-drop-cap-view-stacked .elementor-drop-cap{background-color:#69727d;color:#fff}.elementor-widget-text-editor.elementor-drop-cap-view-framed .elementor-drop-cap{color:#69727d;border:3px solid;background-color:transparent}.elementor-widget-text-editor:not(.elementor-drop-cap-view-default) .elementor-drop-cap{margin-top:8px}.elementor-widget-text-editor:not(.elementor-drop-cap-view-default) .elementor-drop-cap-letter{width:1em;height:1em}.elementor-widget-text-editor .elementor-drop-cap{float:left;text-align:center;line-height:1;font-size:50px}.elementor-widget-text-editor .elementor-drop-cap-letter{display:inline-block}<\/style>\t\t\t\t<h2 class=\"elementor-heading-title elementor-size-default elementor-inline-editing pen\" contenteditable=\"true\" data-elementor-setting-key=\"title\" data-pen-placeholder=\"Type Here...\">50 ann\u00e9es de politique Bizarre par des gens Bizarres<\/h2><p>\u00a0<\/p>\t\t\t\t\t\t<\/div>\n\t\t\t\t<\/div>\n\t\t\t\t\t<\/div>\n\t\t<\/div>\n\t\t\t\t\t\t\t<\/div>\n\t\t<\/section>\n\t\t\t\t<section class=\"elementor-section elementor-top-section elementor-element elementor-element-043dc2a elementor-section-boxed elementor-section-height-default elementor-section-height-default\" data-id=\"043dc2a\" data-element_type=\"section\">\n\t\t\t\t\t\t<div class=\"elementor-container elementor-column-gap-default\">\n\t\t\t\t\t<div class=\"elementor-column elementor-col-100 elementor-top-column elementor-element elementor-element-72aab0c\" data-id=\"72aab0c\" data-element_type=\"column\">\n\t\t\t<div class=\"elementor-widget-wrap elementor-element-populated\">\n\t\t\t\t\t\t\t\t<div class=\"elementor-element elementor-element-13db297 elementor-widget elementor-widget-text-editor\" data-id=\"13db297\" data-element_type=\"widget\" data-widget_type=\"text-editor.default\">\n\t\t\t\t<div class=\"elementor-widget-container\">\n\t\t\t\t\t\t\t<h2 class=\"elementor-heading-title elementor-size-default elementor-inline-editing pen\" contenteditable=\"true\" data-elementor-setting-key=\"title\" data-pen-placeholder=\"Type Here...\">Au programme des rejouissances<\/h2><p>\u00a0<\/p>\t\t\t\t\t\t<\/div>\n\t\t\t\t<\/div>\n\t\t\t\t\t<\/div>\n\t\t<\/div>\n\t\t\t\t\t\t\t<\/div>\n\t\t<\/section>\n\t\t\t\t<section class=\"elementor-section elementor-top-section elementor-element elementor-element-a609e13 elementor-section-boxed elementor-section-height-default elementor-section-height-default\" data-id=\"a609e13\" data-element_type=\"section\">\n\t\t\t\t\t\t<div class=\"elementor-container elementor-column-gap-default\">\n\t\t\t\t\t<div class=\"elementor-column elementor-col-100 elementor-top-column elementor-element elementor-element-5b0ba03\" data-id=\"5b0ba03\" data-element_type=\"column\">\n\t\t\t<div class=\"elementor-widget-wrap elementor-element-populated\">\n\t\t\t\t\t\t\t\t<div class=\"elementor-element elementor-element-a580685 elementor-widget elementor-widget-text-editor\" data-id=\"a580685\" data-element_type=\"widget\" data-widget_type=\"text-editor.default\">\n\t\t\t\t<div class=\"elementor-widget-container\">\n\t\t\t\t\t\t\t<ul><li><h2>Pillage<\/h2><\/li><li><h2>D\u00e9sint\u00e9gration<\/h2><\/li><li><h2>Appauvrissement<\/h2><\/li><\/ul>\t\t\t\t\t\t<\/div>\n\t\t\t\t<\/div>\n\t\t\t\t\t<\/div>\n\t\t<\/div>\n\t\t\t\t\t\t\t<\/div>\n\t\t<\/section>\n\t\t\t\t<section class=\"elementor-section elementor-top-section elementor-element elementor-element-63f8488 elementor-section-boxed elementor-section-height-default elementor-section-height-default\" data-id=\"63f8488\" data-element_type=\"section\">\n\t\t\t\t\t\t<div class=\"elementor-container elementor-column-gap-default\">\n\t\t\t\t\t<div class=\"elementor-column elementor-col-100 elementor-top-column elementor-element elementor-element-8aa27e7\" data-id=\"8aa27e7\" data-element_type=\"column\">\n\t\t\t<div class=\"elementor-widget-wrap elementor-element-populated\">\n\t\t\t\t\t\t\t\t<div class=\"elementor-element elementor-element-75db95e elementor-widget elementor-widget-heading\" data-id=\"75db95e\" data-element_type=\"widget\" data-widget_type=\"heading.default\">\n\t\t\t\t<div class=\"elementor-widget-container\">\n\t\t\t<style>\/*! elementor - v3.16.0 - 17-10-2023 *\/\n.elementor-heading-title{padding:0;margin:0;line-height:1}.elementor-widget-heading .elementor-heading-title[class*=elementor-size-]>a{color:inherit;font-size:inherit;line-height:inherit}.elementor-widget-heading .elementor-heading-title.elementor-size-small{font-size:15px}.elementor-widget-heading .elementor-heading-title.elementor-size-medium{font-size:19px}.elementor-widget-heading .elementor-heading-title.elementor-size-large{font-size:29px}.elementor-widget-heading .elementor-heading-title.elementor-size-xl{font-size:39px}.elementor-widget-heading .elementor-heading-title.elementor-size-xxl{font-size:59px}<\/style><h2 class=\"elementor-heading-title elementor-size-default\">Et avec le sourire SVP !<\/h2>\t\t<\/div>\n\t\t\t\t<\/div>\n\t\t\t\t\t<\/div>\n\t\t<\/div>\n\t\t\t\t\t\t\t<\/div>\n\t\t<\/section>\n\t\t\t\t<section class=\"elementor-section elementor-top-section elementor-element elementor-element-4b63eb1 elementor-section-boxed elementor-section-height-default elementor-section-height-default\" data-id=\"4b63eb1\" data-element_type=\"section\">\n\t\t\t\t\t\t<div class=\"elementor-container elementor-column-gap-default\">\n\t\t\t\t\t<div class=\"elementor-column elementor-col-100 elementor-top-column elementor-element elementor-element-8c46ce5\" data-id=\"8c46ce5\" data-element_type=\"column\">\n\t\t\t<div class=\"elementor-widget-wrap elementor-element-populated\">\n\t\t\t\t\t\t\t\t<div class=\"elementor-element elementor-element-c9412c1 elementor-widget elementor-widget-video\" data-id=\"c9412c1\" data-element_type=\"widget\" data-settings=\"{&quot;youtube_url&quot;:&quot;https:\\\/\\\/youtu.be\\\/rw7i5QVkzgs&quot;,&quot;video_type&quot;:&quot;youtube&quot;,&quot;controls&quot;:&quot;yes&quot;}\" data-widget_type=\"video.default\">\n\t\t\t\t<div class=\"elementor-widget-container\">\n\t\t\t<style>\/*! elementor - v3.16.0 - 17-10-2023 *\/\n.elementor-widget-video .elementor-widget-container{overflow:hidden;transform:translateZ(0)}.elementor-widget-video .elementor-wrapper{aspect-ratio:var(--video-aspect-ratio)}.elementor-widget-video .elementor-wrapper iframe,.elementor-widget-video .elementor-wrapper video{height:100%;width:100%;display:flex;border:none;background-color:#000}@supports not (aspect-ratio:1\/1){.elementor-widget-video .elementor-wrapper{position:relative;overflow:hidden;height:0;padding-bottom:calc(100% \/ var(--video-aspect-ratio))}.elementor-widget-video .elementor-wrapper iframe,.elementor-widget-video .elementor-wrapper video{position:absolute;top:0;right:0;bottom:0;left:0}}.elementor-widget-video .elementor-open-inline .elementor-custom-embed-image-overlay{position:absolute;top:0;right:0;bottom:0;left:0;background-size:cover;background-position:50%}.elementor-widget-video .elementor-custom-embed-image-overlay{cursor:pointer;text-align:center}.elementor-widget-video .elementor-custom-embed-image-overlay:hover .elementor-custom-embed-play i{opacity:1}.elementor-widget-video .elementor-custom-embed-image-overlay img{display:block;width:100%;aspect-ratio:var(--video-aspect-ratio);-o-object-fit:cover;object-fit:cover;-o-object-position:center center;object-position:center center}@supports not (aspect-ratio:1\/1){.elementor-widget-video .elementor-custom-embed-image-overlay{position:relative;overflow:hidden;height:0;padding-bottom:calc(100% \/ var(--video-aspect-ratio))}.elementor-widget-video .elementor-custom-embed-image-overlay img{position:absolute;top:0;right:0;bottom:0;left:0}}.elementor-widget-video .e-hosted-video .elementor-video{-o-object-fit:cover;object-fit:cover}.e-con-inner>.elementor-widget-video,.e-con>.elementor-widget-video{width:var(--container-widget-width);--flex-grow:var(--container-widget-flex-grow)}<\/style>\t\t<div class=\"elementor-wrapper elementor-open-inline\">\n\t\t\t<div class=\"elementor-video\"><\/div>\t\t<\/div>\n\t\t\t\t<\/div>\n\t\t\t\t<\/div>\n\t\t\t\t\t<\/div>\n\t\t<\/div>\n\t\t\t\t\t\t\t<\/div>\n\t\t<\/section>\n\t\t\t\t<section class=\"elementor-section elementor-top-section elementor-element elementor-element-8a32da0 elementor-section-boxed elementor-section-height-default elementor-section-height-default\" data-id=\"8a32da0\" data-element_type=\"section\">\n\t\t\t\t\t\t<div class=\"elementor-container elementor-column-gap-default\">\n\t\t\t\t\t<div class=\"elementor-column elementor-col-100 elementor-top-column elementor-element elementor-element-33535f3\" data-id=\"33535f3\" data-element_type=\"column\">\n\t\t\t<div class=\"elementor-widget-wrap elementor-element-populated\">\n\t\t\t\t\t\t\t\t<div class=\"elementor-element elementor-element-3afc910 elementor-widget elementor-widget-spacer\" data-id=\"3afc910\" data-element_type=\"widget\" data-widget_type=\"spacer.default\">\n\t\t\t\t<div class=\"elementor-widget-container\">\n\t\t\t<style>\/*! elementor - v3.16.0 - 17-10-2023 *\/\n.elementor-column .elementor-spacer-inner{height:var(--spacer-size)}.e-con{--container-widget-width:100%}.e-con-inner>.elementor-widget-spacer,.e-con>.elementor-widget-spacer{width:var(--container-widget-width,var(--spacer-size));--align-self:var(--container-widget-align-self,initial);--flex-shrink:0}.e-con-inner>.elementor-widget-spacer>.elementor-widget-container,.e-con>.elementor-widget-spacer>.elementor-widget-container{height:100%;width:100%}.e-con-inner>.elementor-widget-spacer>.elementor-widget-container>.elementor-spacer,.e-con>.elementor-widget-spacer>.elementor-widget-container>.elementor-spacer{height:100%}.e-con-inner>.elementor-widget-spacer>.elementor-widget-container>.elementor-spacer>.elementor-spacer-inner,.e-con>.elementor-widget-spacer>.elementor-widget-container>.elementor-spacer>.elementor-spacer-inner{height:var(--container-widget-height,var(--spacer-size))}.e-con-inner>.elementor-widget-spacer.elementor-widget-empty,.e-con>.elementor-widget-spacer.elementor-widget-empty{position:relative;min-height:22px;min-width:22px}.e-con-inner>.elementor-widget-spacer.elementor-widget-empty .elementor-widget-empty-icon,.e-con>.elementor-widget-spacer.elementor-widget-empty .elementor-widget-empty-icon{position:absolute;top:0;bottom:0;left:0;right:0;margin:auto;padding:0;width:22px;height:22px}<\/style>\t\t<div class=\"elementor-spacer\">\n\t\t\t<div class=\"elementor-spacer-inner\"><\/div>\n\t\t<\/div>\n\t\t\t\t<\/div>\n\t\t\t\t<\/div>\n\t\t\t\t\t<\/div>\n\t\t<\/div>\n\t\t\t\t\t\t\t<\/div>\n\t\t<\/section>\n\t\t\t\t<section class=\"elementor-section elementor-top-section elementor-element elementor-element-09bf7e0 elementor-section-boxed elementor-section-height-default elementor-section-height-default\" data-id=\"09bf7e0\" data-element_type=\"section\">\n\t\t\t\t\t\t<div class=\"elementor-container elementor-column-gap-default\">\n\t\t\t\t\t<div class=\"elementor-column elementor-col-100 elementor-top-column elementor-element elementor-element-21b6cc2\" data-id=\"21b6cc2\" data-element_type=\"column\">\n\t\t\t<div class=\"elementor-widget-wrap elementor-element-populated\">\n\t\t\t\t\t\t\t\t<div class=\"elementor-element elementor-element-e7083b9 elementor-widget elementor-widget-text-editor\" data-id=\"e7083b9\" data-element_type=\"widget\" data-widget_type=\"text-editor.default\">\n\t\t\t\t<div class=\"elementor-widget-container\">\n\t\t\t\t\t\t\t<div dir=\"auto\"><h6><span style=\"vertical-align: inherit;\"><span style=\"vertical-align: inherit;\"><span style=\"vertical-align: inherit;\"><span style=\"vertical-align: inherit;\">&#8211; C&#8217;est en 1956 que le philosophe juif Allemand G\u00fcnther Anders a \u00e9crit cette r\u00e9flexion pr\u00e9monitoire :<\/span><\/span><\/span><\/span><\/h6><\/div><div dir=\"auto\"><p><span style=\"vertical-align: inherit;\"><span style=\"vertical-align: inherit;\">Pour \u00e9touffer par avance toute r\u00e9volte, il ne faut pas s&#8217;y prendre de mani\u00e8re violente. <\/span><span style=\"vertical-align: inherit;\">Les m\u00e9thodes du genre de celles d&#8217;Hitler sont d\u00e9pass\u00e9es. <\/span><span style=\"vertical-align: inherit;\">Il suffit de cr\u00e9er un conditionnement collectif si puissant que l&#8217;id\u00e9e m\u00eame de r\u00e9volte ne viendra m\u00eame plus \u00e0 l&#8217;esprit des hommes.<\/span><\/span><\/p><p><span style=\"vertical-align: inherit;\"><span style=\"vertical-align: inherit;\">L&#8217;id\u00e9al serait de former les individus d\u00e8s la naissance en limitant leurs aptitudes biologiques inn\u00e9es. <\/span><span style=\"vertical-align: inherit;\">Ensuite, on poursuivrait le conditionnement en r\u00e9duisant de mani\u00e8re drastique l&#8217;\u00e9ducation, pour le ramener \u00e0 une forme d&#8217;insertion professionnelle.<\/span><\/span><span id=\"more-8872\"><\/span><span style=\"vertical-align: inherit;\"><span style=\"vertical-align: inherit;\">\u00a0Un individu inculte n&#8217;a qu&#8217;un horizon de pens\u00e9e limit\u00e9 et plus sa pens\u00e9e est n\u00e9e \u00e0 des pr\u00e9occupations m\u00e9diocres, moins il peut se r\u00e9volter. <\/span><span style=\"vertical-align: inherit;\">Il faut faire en sorte que l&#8217;acc\u00e8s au savoir devienne de plus en plus difficile et \u00e9litiste. <\/span><span style=\"vertical-align: inherit;\">Que le foss\u00e9 se creuse entre le peuple et la science, que l&#8217;information destin\u00e9e au grand public soit anesth\u00e9si\u00e9e de tout contenu \u00e0 caract\u00e8re subversif.<\/span><\/span><\/p><p><span style=\"vertical-align: inherit;\"><span style=\"vertical-align: inherit;\">Surtout pas de philosophie. <\/span><span style=\"vertical-align: inherit;\">L\u00e0 encore, il faut user de persuasion et non de violence directe : on diffusera massivement, via la t\u00e9l\u00e9vision, des divertissements flattant toujours l&#8217;\u00e9motionnel ou l&#8217;instinctif. <\/span><span style=\"vertical-align: inherit;\">On occupera les esprits avec ce qui est futile et ludique. <\/span><span style=\"vertical-align: inherit;\">Il est bon, dans un bavardage et une musique incessante, d&#8217;emp\u00eacher l&#8217;esprit de penser. <\/span><span style=\"vertical-align: inherit;\">On mettra la sexualit\u00e9 au premier rang des int\u00e9r\u00eats humains. <\/span><span style=\"vertical-align: inherit;\">Comme tranquillisant social, il n&#8217;y a rien de mieux.<\/span><\/span><\/p><p><span style=\"vertical-align: inherit;\"><span style=\"vertical-align: inherit;\">En g\u00e9n\u00e9ral, on fera en sorte de bannir le s\u00e9rieux de l&#8217;existence, de tourner en d\u00e9rision tout ce qui a une valeur \u00e9lev\u00e9e, d&#8217;entretenir une constante apologie de la l\u00e9g\u00e8ret\u00e9 ; <\/span><span style=\"vertical-align: inherit;\">de sorte que l&#8217;euphorie de la publicit\u00e9 devienne le standard du bonheur humain et le mod\u00e8le de la libert\u00e9. <\/span><span style=\"vertical-align: inherit;\">Le conditionnement adapt\u00e9 ainsi de lui-m\u00eame une telle int\u00e9gration, que la seule peur \u2013 qu&#8217;il faudra entretenir \u2013 sera celle d&#8217;\u00eatre exclue du syst\u00e8me et donc de ne plus pouvoir acc\u00e9der aux conditions n\u00e9cessaires au bonheur.<\/span><\/span><\/p><p><span style=\"vertical-align: inherit;\"><span style=\"vertical-align: inherit;\">L&#8217;homme de masse, ainsi produit, doit \u00eatre trait\u00e9 comme ce qu&#8217;il est\u00a0: un veau, et il doit \u00eatre surveill\u00e9 comme doit l&#8217;\u00eatre un troupeau. <\/span><span style=\"vertical-align: inherit;\">Tout ce qui permet d&#8217;endormir sa lucidit\u00e9 est bon socialement, ce qui menacerait de l&#8217;\u00e9veiller doit \u00eatre ridiculis\u00e9, \u00e9touff\u00e9, combattu. <\/span><span style=\"vertical-align: inherit;\">Toute doctrine mise en place en cause le syst\u00e8me doit d&#8217;abord \u00eatre d\u00e9sign\u00e9 comme subversif et terroriste et ceux qui la n\u00e9cessiteront ensuite \u00eatre trait\u00e9s comme tels.<\/span><\/span><\/p><\/div><div dir=\"auto\"><span style=\"vertical-align: inherit;\"><span style=\"vertical-align: inherit;\"><span style=\"vertical-align: inherit;\"><span style=\"vertical-align: inherit;\">G\u00fcnther Anders<\/span><\/span><\/span><\/span><\/div><div dir=\"auto\"><span style=\"vertical-align: inherit;\"><span style=\"vertical-align: inherit;\"><span style=\"vertical-align: inherit;\"><span style=\"vertical-align: inherit;\">\u00ab L&#8217;obsolescence de l&#8217;homme \u00bb 1956<\/span><\/span><\/span><\/span><\/div>\t\t\t\t\t\t<\/div>\n\t\t\t\t<\/div>\n\t\t\t\t\t<\/div>\n\t\t<\/div>\n\t\t\t\t\t\t\t<\/div>\n\t\t<\/section>\n\t\t\t\t\t\t\t<\/div>\n\t\t","protected":false},"excerpt":{"rendered":"<p>50 ann\u00e9es de politique Bizarre par des gens Bizarres \u00a0 Au programme des rejouissances \u00a0 Pillage D\u00e9sint\u00e9gration Appauvrissement Et avec le sourire SVP ! &#8211; C&#8217;est en 1956 que le philosophe juif Allemand G\u00fcnther Anders a \u00e9crit cette r\u00e9flexion pr\u00e9monitoire : Pour \u00e9touffer par avance toute r\u00e9volte, il ne faut pas s&#8217;y prendre de mani\u00e8re [&hellip;]<\/p>\n","protected":false},"author":1,"featured_media":0,"parent":0,"menu_order":0,"comment_status":"closed","ping_status":"closed","template":"","meta":{"_bbp_topic_count":0,"_bbp_reply_count":0,"_bbp_total_topic_count":0,"_bbp_total_reply_count":0,"_bbp_voice_count":0,"_bbp_anonymous_reply_count":0,"_bbp_topic_count_hidden":0,"_bbp_reply_count_hidden":0,"_bbp_forum_subforum_count":0,"footnotes":""},"_links":{"self":[{"href":"https:\/\/icimarianne.com\/index.php\/wp-json\/wp\/v2\/pages\/14"}],"collection":[{"href":"https:\/\/icimarianne.com\/index.php\/wp-json\/wp\/v2\/pages"}],"about":[{"href":"https:\/\/icimarianne.com\/index.php\/wp-json\/wp\/v2\/types\/page"}],"author":[{"embeddable":true,"href":"https:\/\/icimarianne.com\/index.php\/wp-json\/wp\/v2\/users\/1"}],"replies":[{"embeddable":true,"href":"https:\/\/icimarianne.com\/index.php\/wp-json\/wp\/v2\/comments?post=14"}],"version-history":[{"count":260,"href":"https:\/\/icimarianne.com\/index.php\/wp-json\/wp\/v2\/pages\/14\/revisions"}],"predecessor-version":[{"id":371,"href":"https:\/\/icimarianne.com\/index.php\/wp-json\/wp\/v2\/pages\/14\/revisions\/371"}],"wp:attachment":[{"href":"https:\/\/icimarianne.com\/index.php\/wp-json\/wp\/v2\/media?parent=14"}],"curies":[{"name":"wp","href":"https:\/\/api.w.org\/{rel}","templated":true}]}}